{"id":21157,"date":"2025-11-10T11:39:15","date_gmt":"2025-11-10T11:39:15","guid":{"rendered":"https:\/\/mvno.site\/mercadito-vegano\/producto\/fideos-organicos-penne-rigate-grun\/"},"modified":"2026-04-09T14:20:39","modified_gmt":"2026-04-09T14:20:39","slug":"fideos-organicos-penne-rigate-grun","status":"publish","type":"product","link":"https:\/\/mvno.site\/mercadito-vegano\/producto\/fideos-organicos-penne-rigate-grun\/","title":{"rendered":"Fideos org\u00e1nicos penne rigate &#8211; GR\u00dbN"},"content":{"rendered":"","protected":false},"excerpt":{"rendered":"<p>Fideos penne rigate org\u00e1nicos<\/p>\n","protected":false},"featured_media":17901,"comment_status":"open","ping_status":"closed","template":"","meta":{"_uag_custom_page_level_css":"","site-sidebar-layout":"default","site-content-layout":"","ast-site-content-layout":"default","site-content-style":"default","site-sidebar-style":"default","ast-global-header-display":"","ast-banner-title-visibility":"","ast-main-header-display":"","ast-hfb-above-header-display":"","ast-hfb-below-header-display":"","ast-hfb-mobile-header-display":"","site-post-title":"","ast-breadcrumbs-content":"","ast-featured-img":"","footer-sml-layout":"","theme-transparent-header-meta":"","adv-header-id-meta":"","stick-header-meta":"","header-above-stick-meta":"","header-main-stick-meta":"","header-below-stick-meta":"","astra-migrate-meta-layouts":"default","ast-page-background-enabled":"default","ast-page-background-meta":{"desktop":{"background-color":"","background-image":"","background-repeat":"repeat","background-position":"center center","background-size":"auto","background-attachment":"scroll","background-type":"","background-media":"","overlay-type":"","overlay-color":"","overlay-opacity":"","overlay-gradient":""},"tablet":{"background-color":"","background-image":"","background-repeat":"repeat","background-position":"center center","background-size":"auto","background-attachment":"scroll","background-type":"","background-media":"","overlay-type":"","overlay-color":"","overlay-opacity":"","overlay-gradient":""},"mobile":{"background-color":"","background-image":"","background-repeat":"repeat","background-position":"center center","background-size":"auto","background-attachment":"scroll","background-type":"","background-media":"","overlay-type":"","overlay-color":"","overlay-opacity":"","overlay-gradient":""}},"ast-content-background-meta":{"desktop":{"background-color":"var(--ast-global-color-5)","background-image":"","background-repeat":"repeat","background-position":"center center","background-size":"auto","background-attachment":"scroll","background-type":"","background-media":"","overlay-type":"","overlay-color":"","overlay-opacity":"","overlay-gradient":""},"tablet":{"background-color":"var(--ast-global-color-5)","background-image":"","background-repeat":"repeat","background-position":"center center","background-size":"auto","background-attachment":"scroll","background-type":"","background-media":"","overlay-type":"","overlay-color":"","overlay-opacity":"","overlay-gradient":""},"mobile":{"background-color":"var(--ast-global-color-5)","background-image":"","background-repeat":"repeat","background-position":"center center","background-size":"auto","background-attachment":"scroll","background-type":"","background-media":"","overlay-type":"","overlay-color":"","overlay-opacity":"","overlay-gradient":""}}},"pwb-brand":[],"product_brand":[957],"product_cat":[1160],"product_tag":[443,951],"class_list":{"0":"post-21157","1":"product","2":"type-product","3":"status-publish","4":"has-post-thumbnail","6":"product_brand-grun","7":"product_cat-harinas-cereales","8":"product_tag-fideos","9":"product_tag-organicos","10":"desktop-align-center","11":"tablet-align-center","12":"mobile-align-center","14":"first","15":"instock","16":"taxable","17":"shipping-taxable","18":"product-type-simple"},"uagb_featured_image_src":{"full":["https:\/\/mvno.site\/mercadito-vegano\/wp-content\/uploads\/2025\/11\/gru05.png",444,444,false],"thumbnail":["https:\/\/mvno.site\/mercadito-vegano\/wp-content\/uploads\/2025\/11\/gru05-160x160.png",160,160,true],"medium":["https:\/\/mvno.site\/mercadito-vegano\/wp-content\/uploads\/2025\/11\/gru05-300x300.png",300,300,true],"medium_large":["https:\/\/mvno.site\/mercadito-vegano\/wp-content\/uploads\/2025\/11\/gru05.png",444,444,false],"large":["https:\/\/mvno.site\/mercadito-vegano\/wp-content\/uploads\/2025\/11\/gru05.png",444,444,false],"1536x1536":["https:\/\/mvno.site\/mercadito-vegano\/wp-content\/uploads\/2025\/11\/gru05.png",444,444,false],"2048x2048":["https:\/\/mvno.site\/mercadito-vegano\/wp-content\/uploads\/2025\/11\/gru05.png",444,444,false],"woocommerce_thumbnail":["https:\/\/mvno.site\/mercadito-vegano\/wp-content\/uploads\/2025\/11\/gru05-300x300.png",300,300,true],"woocommerce_single":["https:\/\/mvno.site\/mercadito-vegano\/wp-content\/uploads\/2025\/11\/gru05.png",444,444,false],"woocommerce_gallery_thumbnail":["https:\/\/mvno.site\/mercadito-vegano\/wp-content\/uploads\/2025\/11\/gru05-100x100.png",100,100,true]},"uagb_author_info":{"display_name":"Daniel","author_link":"https:\/\/mvno.site\/mercadito-vegano\/author\/"},"uagb_comment_info":0,"uagb_excerpt":"Fideos penne rigate org\u00e1nicos","brands":[],"_links":{"self":[{"href":"https:\/\/mvno.site\/mercadito-vegano\/wp-json\/wp\/v2\/product\/21157","targetHints":{"allow":["GET"]}}],"collection":[{"href":"https:\/\/mvno.site\/mercadito-vegano\/wp-json\/wp\/v2\/product"}],"about":[{"href":"https:\/\/mvno.site\/mercadito-vegano\/wp-json\/wp\/v2\/types\/product"}],"replies":[{"embeddable":true,"href":"https:\/\/mvno.site\/mercadito-vegano\/wp-json\/wp\/v2\/comments?post=21157"}],"wp:featuredmedia":[{"embeddable":true,"href":"https:\/\/mvno.site\/mercadito-vegano\/wp-json\/wp\/v2\/media\/17901"}],"wp:attachment":[{"href":"https:\/\/mvno.site\/mercadito-vegano\/wp-json\/wp\/v2\/media?parent=21157"}],"wp:term":[{"taxonomy":"pwb-brand","embeddable":true,"href":"https:\/\/mvno.site\/mercadito-vegano\/wp-json\/wp\/v2\/pwb-brand?post=21157"},{"taxonomy":"product_brand","embeddable":true,"href":"https:\/\/mvno.site\/mercadito-vegano\/wp-json\/wp\/v2\/product_brand?post=21157"},{"taxonomy":"product_cat","embeddable":true,"href":"https:\/\/mvno.site\/mercadito-vegano\/wp-json\/wp\/v2\/product_cat?post=21157"},{"taxonomy":"product_tag","embeddable":true,"href":"https:\/\/mvno.site\/mercadito-vegano\/wp-json\/wp\/v2\/product_tag?post=21157"}],"curies":[{"name":"wp","href":"https:\/\/api.w.org\/{rel}","templated":true}]}}